{"id":309,"date":"2020-08-19T16:10:00","date_gmt":"2020-08-19T13:10:00","guid":{"rendered":"http:\/\/ilkokuma.atauni.edu.tr\/?page_id=309"},"modified":"2020-10-28T13:54:02","modified_gmt":"2020-10-28T10:54:02","slug":"dr-ogr-uyesi-mine-yildiz","status":"publish","type":"page","link":"http:\/\/ilkokuma.atauni.edu.tr\/index.php\/dr-ogr-uyesi-mine-yildiz\/","title":{"rendered":"Dr. \u00d6\u011fr. \u00dcyesi Mine YILDIZ"},"content":{"rendered":"\n<div class=\"wp-block-image\"><figure class=\"alignright size-large is-resized\"><img loading=\"lazy\" decoding=\"async\" src=\"http:\/\/ilkokuma.atauni.edu.tr\/wp-content\/uploads\/2020\/07\/resizer-1.png\" alt=\"\" class=\"wp-image-96\" width=\"189\" height=\"228\"\/><\/figure><\/div>\n\n\n\n<p class=\"has-drop-cap\">Dr. \u00d6\u011fr. \u00dcyesi Mine YILDIZ 2006-2011 y\u0131llar\u0131 aras\u0131nda Atat\u00fcrk \u00dcniversitesi, Kaz\u0131m Karabekir E\u011fitim Fak\u00fcltesi, \u0130ngiliz Dili E\u011fitimi alan\u0131nda lisans e\u011fitimini tamamlam\u0131\u015ft\u0131r. 2011-2013 y\u0131llar\u0131nda Atat\u00fcrk \u00dcniversitesi, E\u011fitim Bilimleri Enstit\u00fcs\u00fc, \u0130ngiliz Dili E\u011fitimi alan\u0131nda y\u00fcksek lisans yapt\u0131ktan sonra 2017 y\u0131l\u0131nda yine Atat\u00fcrk \u00dcniversitesi, E\u011fitim Bilimleri Enstit\u00fcs\u00fc, \u0130ngiliz Dili E\u011fitimi alan\u0131nda doktora e\u011fitimini tamamlam\u0131\u015ft\u0131r. Atat\u00fcrk \u00dcniversitesi, Kaz\u0131m Karabekir E\u011fitim Fak\u00fcltesi, \u0130ngiliz Dili E\u011fitimi b\u00f6l\u00fcm\u00fcnde \u00f6\u011fretim g\u00f6revlisi olarak \u00e7al\u0131\u015fmaya devam etmektedir.<\/p>\n","protected":false},"excerpt":{"rendered":"<p>Dr. \u00d6\u011fr. \u00dcyesi Mine YILDIZ 2006-2011 y\u0131llar\u0131 aras\u0131nda Atat\u00fcrk \u00dcniversitesi, Kaz\u0131m Karabekir E\u011fitim Fak\u00fcltesi, \u0130ngiliz Dili E\u011fitimi alan\u0131nda lisans e\u011fitimini tamamlam\u0131\u015ft\u0131r. 2011-2013 y\u0131llar\u0131nda Atat\u00fcrk \u00dcniversitesi, E\u011fitim Bilimleri Enstit\u00fcs\u00fc, \u0130ngiliz Dili E\u011fitimi alan\u0131nda y\u00fcksek lisans yapt\u0131ktan sonra 2017 y\u0131l\u0131nda yine Atat\u00fcrk \u00dcniversitesi, E\u011fitim Bilimleri Enstit\u00fcs\u00fc, \u0130ngiliz Dili E\u011fitimi alan\u0131nda doktora e\u011fitimini tamamlam\u0131\u015ft\u0131r. Atat\u00fcrk \u00dcniversitesi, Kaz\u0131m Karabekir [&hellip;]<\/p>\n","protected":false},"author":1,"featured_media":96,"parent":0,"menu_order":0,"comment_status":"closed","ping_status":"closed","template":"","meta":{"footnotes":""},"class_list":["post-309","page","type-page","status-publish","has-post-thumbnail","hentry"],"_links":{"self":[{"href":"http:\/\/ilkokuma.atauni.edu.tr\/index.php\/wp-json\/wp\/v2\/pages\/309","targetHints":{"allow":["GET"]}}],"collection":[{"href":"http:\/\/ilkokuma.atauni.edu.tr\/index.php\/wp-json\/wp\/v2\/pages"}],"about":[{"href":"http:\/\/ilkokuma.atauni.edu.tr\/index.php\/wp-json\/wp\/v2\/types\/page"}],"author":[{"embeddable":true,"href":"http:\/\/ilkokuma.atauni.edu.tr\/index.php\/wp-json\/wp\/v2\/users\/1"}],"replies":[{"embeddable":true,"href":"http:\/\/ilkokuma.atauni.edu.tr\/index.php\/wp-json\/wp\/v2\/comments?post=309"}],"version-history":[{"count":4,"href":"http:\/\/ilkokuma.atauni.edu.tr\/index.php\/wp-json\/wp\/v2\/pages\/309\/revisions"}],"predecessor-version":[{"id":323,"href":"http:\/\/ilkokuma.atauni.edu.tr\/index.php\/wp-json\/wp\/v2\/pages\/309\/revisions\/323"}],"wp:featuredmedia":[{"embeddable":true,"href":"http:\/\/ilkokuma.atauni.edu.tr\/index.php\/wp-json\/wp\/v2\/media\/96"}],"wp:attachment":[{"href":"http:\/\/ilkokuma.atauni.edu.tr\/index.php\/wp-json\/wp\/v2\/media?parent=309"}],"curies":[{"name":"wp","href":"https:\/\/api.w.org\/{rel}","templated":true}]}}