{"id":316,"date":"2020-08-19T16:17:57","date_gmt":"2020-08-19T13:17:57","guid":{"rendered":"http:\/\/ilkokuma.atauni.edu.tr\/?page_id=316"},"modified":"2020-10-28T13:52:44","modified_gmt":"2020-10-28T10:52:44","slug":"doc-dr-engin-kursun","status":"publish","type":"page","link":"http:\/\/ilkokuma.atauni.edu.tr\/index.php\/doc-dr-engin-kursun\/","title":{"rendered":"Doc. Dr. Engin KUR\u015eUN"},"content":{"rendered":"\n<div class=\"wp-block-image\"><figure class=\"alignright size-large is-resized\"><img loading=\"lazy\" decoding=\"async\" src=\"http:\/\/ilkokuma.atauni.edu.tr\/wp-content\/uploads\/2020\/07\/resizer.png\" alt=\"\" class=\"wp-image-93\" width=\"188\" height=\"227\"\/><\/figure><\/div>\n\n\n\n<p class=\"has-drop-cap\">Doc. Dr. Engin KUR\u015eUN, 1999-2003 y\u0131llar\u0131 aras\u0131nda Atat\u00fcrk \u00dcniversitesi, E\u011fitim Fak\u00fcltesi, Bilgisayar ve \u00d6\u011fretim Teknolojileri E\u011fitimi B\u00f6l\u00fcm\u00fcnde lisans e\u011fitimini tamamlam\u0131\u015ft\u0131r. 2004-2011 y\u0131llar\u0131 aras\u0131nda ODT\u00dc\u2019de ara\u015ft\u0131rma g\u00f6revlisi olarak g\u00f6rev alan Kur\u015fun, doktoras\u0131n\u0131, b\u00fct\u00fcnle\u015fik olarak, 2011 y\u0131l\u0131nda Fen Bilimleri Enstit\u00fcs\u00fcnde tamamlam\u0131\u015ft\u0131r. Kur\u015fun, 2009-2010 y\u0131llar\u0131 aras\u0131nda \u0130ngiltere A\u00e7\u0131k \u00dcniversitesinde ziyaret\u00e7i ara\u015ft\u0131rmac\u0131 olarak \u00e7al\u0131\u015fm\u0131\u015ft\u0131r. 2012 y\u0131l\u0131ndan beri Atat\u00fcrk \u00dcniversitesi Kaz\u0131m Karabekir E\u011fitim Fak\u00fcltesi, Bilgisayar ve \u00d6\u011fretim Teknolojileri E\u011fitimi B\u00f6l\u00fcm\u00fcnde \u00f6\u011fretim \u00fcyesi olarak g\u00f6rev yapmakta olup, ayn\u0131 zamanda \u015eubat, 2013 \u2013 Eyl\u00fcl, 2016 tarihleri aras\u0131nda Atat\u00fcrk \u00dcniversitesi Uzaktan E\u011fitim Uygulama ve Ara\u015ft\u0131rma Merkezi (ATAUZEM) m\u00fcd\u00fcr yard\u0131mc\u0131l\u0131\u011f\u0131 g\u00f6revini y\u00fcr\u00fctm\u00fc\u015ft\u00fcr. Nisan 2019 tarihinde Atat\u00fcrk \u00dcniversitesi Bilgi \u0130\u015flem Dairesi ba\u015fkanl\u0131\u011f\u0131n\u0131 ve Bilgisayar Bilimleri Ara\u015ft\u0131rma ve Uygulama Merkezi m\u00fcd\u00fcrl\u00fc\u011f\u00fc g\u00f6revlerini Eyl\u00fcl 2020 tarihinde b\u0131rak\u0131p, ayn\u0131 tarihte Atat\u00fcrk \u00dcniversitesi Uzaktan E\u011fitim Uygulama ve Ara\u015ft\u0131rma Merkezi (ATAUZEM) m\u00fcd\u00fcrl\u00fc\u011f\u00fc g\u00f6revine ba\u015flam\u0131\u015ft\u0131r ve g\u00f6revine devam etmektedir. Evli ve 2 \u00e7ocuk babas\u0131 olan Kur\u015fun, iyi derecede \u0130ngilizce bilmektedir.<\/p>\n","protected":false},"excerpt":{"rendered":"<p>Doc. Dr. Engin KUR\u015eUN, 1999-2003 y\u0131llar\u0131 aras\u0131nda Atat\u00fcrk \u00dcniversitesi, E\u011fitim Fak\u00fcltesi, Bilgisayar ve \u00d6\u011fretim Teknolojileri E\u011fitimi B\u00f6l\u00fcm\u00fcnde lisans e\u011fitimini tamamlam\u0131\u015ft\u0131r. 2004-2011 y\u0131llar\u0131 aras\u0131nda ODT\u00dc\u2019de ara\u015ft\u0131rma g\u00f6revlisi olarak g\u00f6rev alan Kur\u015fun, doktoras\u0131n\u0131, b\u00fct\u00fcnle\u015fik olarak, 2011 y\u0131l\u0131nda Fen Bilimleri Enstit\u00fcs\u00fcnde tamamlam\u0131\u015ft\u0131r. Kur\u015fun, 2009-2010 y\u0131llar\u0131 aras\u0131nda \u0130ngiltere A\u00e7\u0131k \u00dcniversitesinde ziyaret\u00e7i ara\u015ft\u0131rmac\u0131 olarak \u00e7al\u0131\u015fm\u0131\u015ft\u0131r. 2012 y\u0131l\u0131ndan beri Atat\u00fcrk \u00dcniversitesi [&hellip;]<\/p>\n","protected":false},"author":1,"featured_media":0,"parent":0,"menu_order":0,"comment_status":"closed","ping_status":"closed","template":"","meta":{"footnotes":""},"class_list":["post-316","page","type-page","status-publish","hentry"],"_links":{"self":[{"href":"http:\/\/ilkokuma.atauni.edu.tr\/index.php\/wp-json\/wp\/v2\/pages\/316","targetHints":{"allow":["GET"]}}],"collection":[{"href":"http:\/\/ilkokuma.atauni.edu.tr\/index.php\/wp-json\/wp\/v2\/pages"}],"about":[{"href":"http:\/\/ilkokuma.atauni.edu.tr\/index.php\/wp-json\/wp\/v2\/types\/page"}],"author":[{"embeddable":true,"href":"http:\/\/ilkokuma.atauni.edu.tr\/index.php\/wp-json\/wp\/v2\/users\/1"}],"replies":[{"embeddable":true,"href":"http:\/\/ilkokuma.atauni.edu.tr\/index.php\/wp-json\/wp\/v2\/comments?post=316"}],"version-history":[{"count":5,"href":"http:\/\/ilkokuma.atauni.edu.tr\/index.php\/wp-json\/wp\/v2\/pages\/316\/revisions"}],"predecessor-version":[{"id":4239,"href":"http:\/\/ilkokuma.atauni.edu.tr\/index.php\/wp-json\/wp\/v2\/pages\/316\/revisions\/4239"}],"wp:attachment":[{"href":"http:\/\/ilkokuma.atauni.edu.tr\/index.php\/wp-json\/wp\/v2\/media?parent=316"}],"curies":[{"name":"wp","href":"https:\/\/api.w.org\/{rel}","templated":true}]}}