{"id":326,"date":"2020-08-19T16:29:15","date_gmt":"2020-08-19T13:29:15","guid":{"rendered":"http:\/\/ilkokuma.atauni.edu.tr\/?page_id=326"},"modified":"2021-08-20T18:43:43","modified_gmt":"2021-08-20T15:43:43","slug":"ars-gor-meryem-ozdemir-cihan","status":"publish","type":"page","link":"http:\/\/ilkokuma.atauni.edu.tr\/index.php\/ars-gor-meryem-ozdemir-cihan\/","title":{"rendered":"Ar\u015f. G\u00f6r. Meryem \u00d6ZDEM\u0130R C\u0130HAN"},"content":{"rendered":"\n<div class=\"wp-block-image\"><figure class=\"alignright size-large is-resized\"><img loading=\"lazy\" decoding=\"async\" src=\"http:\/\/ilkokuma.atauni.edu.tr\/wp-content\/uploads\/2020\/08\/Ads\u0131z.png\" alt=\"\" class=\"wp-image-207\" width=\"298\" height=\"240\" srcset=\"http:\/\/ilkokuma.atauni.edu.tr\/wp-content\/uploads\/2020\/08\/Ads\u0131z.png 819w, http:\/\/ilkokuma.atauni.edu.tr\/wp-content\/uploads\/2020\/08\/Ads\u0131z-300x242.png 300w, http:\/\/ilkokuma.atauni.edu.tr\/wp-content\/uploads\/2020\/08\/Ads\u0131z-768x620.png 768w\" sizes=\"auto, (max-width: 298px) 100vw, 298px\" \/><\/figure><\/div>\n\n\n\n<p class=\"has-drop-cap\">Ar\u015f. G\u00f6r. Meryem \u00d6ZDEM\u0130R C\u0130HAN 2008-2012 y\u0131llar\u0131nda Erzincan Binali Y\u0131ld\u0131r\u0131m \u00dcniversitesi E\u011fitim Fak\u00fcltesi S\u0131n\u0131f E\u011fitimi b\u00f6l\u00fcm\u00fcnde lisans e\u011fitimini tamamlam\u0131\u015ft\u0131r.\u00a0 2013-2015 y\u0131llar\u0131nda Atat\u00fcrk \u00dcniversitesi, E\u011fitim Bilimleri Enstit\u00fcs\u00fc, Temel E\u011fitim\/S\u0131n\u0131f E\u011fitimi b\u00f6l\u00fcm\u00fcnde y\u00fcksek lisans e\u011fitimini tamamlay\u0131p, yine Atat\u00fcrk \u00dcniversitesi, E\u011fitim Bilimleri Enstit\u00fcs\u00fc, Temel E\u011fitim\/S\u0131n\u0131f E\u011fitimi b\u00f6l\u00fcm\u00fcne 2015 y\u0131l\u0131nda doktora e\u011fitimine ba\u015flam\u0131\u015ft\u0131r. 2020 y\u0131l\u0131nda ise doktora e\u011fitimini tamamlam\u0131\u015ft\u0131r. 2013 y\u0131l\u0131nda Ar\u015f. G\u00f6r. olarak ba\u015flad\u0131\u011f\u0131 Atat\u00fcrk \u00dcniversitesi, E\u011fitim Bilimleri Enstit\u00fcs\u00fc, Temel E\u011fitim\/S\u0131n\u0131f E\u011fitimi b\u00f6l\u00fcm\u00fcnde g\u00f6revine devam etmektedir.<\/p>\n","protected":false},"excerpt":{"rendered":"<p>Ar\u015f. G\u00f6r. Meryem \u00d6ZDEM\u0130R C\u0130HAN 2008-2012 y\u0131llar\u0131nda Erzincan Binali Y\u0131ld\u0131r\u0131m \u00dcniversitesi E\u011fitim Fak\u00fcltesi S\u0131n\u0131f E\u011fitimi b\u00f6l\u00fcm\u00fcnde lisans e\u011fitimini tamamlam\u0131\u015ft\u0131r.\u00a0 2013-2015 y\u0131llar\u0131nda Atat\u00fcrk \u00dcniversitesi, E\u011fitim Bilimleri Enstit\u00fcs\u00fc, Temel E\u011fitim\/S\u0131n\u0131f E\u011fitimi b\u00f6l\u00fcm\u00fcnde y\u00fcksek lisans e\u011fitimini tamamlay\u0131p, yine Atat\u00fcrk \u00dcniversitesi, E\u011fitim Bilimleri Enstit\u00fcs\u00fc, Temel E\u011fitim\/S\u0131n\u0131f E\u011fitimi b\u00f6l\u00fcm\u00fcne 2015 y\u0131l\u0131nda doktora e\u011fitimine ba\u015flam\u0131\u015ft\u0131r. 2020 y\u0131l\u0131nda ise doktora e\u011fitimini tamamlam\u0131\u015ft\u0131r. [&hellip;]<\/p>\n","protected":false},"author":1,"featured_media":0,"parent":0,"menu_order":0,"comment_status":"closed","ping_status":"closed","template":"","meta":{"footnotes":""},"class_list":["post-326","page","type-page","status-publish","hentry"],"_links":{"self":[{"href":"http:\/\/ilkokuma.atauni.edu.tr\/index.php\/wp-json\/wp\/v2\/pages\/326","targetHints":{"allow":["GET"]}}],"collection":[{"href":"http:\/\/ilkokuma.atauni.edu.tr\/index.php\/wp-json\/wp\/v2\/pages"}],"about":[{"href":"http:\/\/ilkokuma.atauni.edu.tr\/index.php\/wp-json\/wp\/v2\/types\/page"}],"author":[{"embeddable":true,"href":"http:\/\/ilkokuma.atauni.edu.tr\/index.php\/wp-json\/wp\/v2\/users\/1"}],"replies":[{"embeddable":true,"href":"http:\/\/ilkokuma.atauni.edu.tr\/index.php\/wp-json\/wp\/v2\/comments?post=326"}],"version-history":[{"count":5,"href":"http:\/\/ilkokuma.atauni.edu.tr\/index.php\/wp-json\/wp\/v2\/pages\/326\/revisions"}],"predecessor-version":[{"id":4309,"href":"http:\/\/ilkokuma.atauni.edu.tr\/index.php\/wp-json\/wp\/v2\/pages\/326\/revisions\/4309"}],"wp:attachment":[{"href":"http:\/\/ilkokuma.atauni.edu.tr\/index.php\/wp-json\/wp\/v2\/media?parent=326"}],"curies":[{"name":"wp","href":"https:\/\/api.w.org\/{rel}","templated":true}]}}