{"id":330,"date":"2020-08-19T16:48:51","date_gmt":"2020-08-19T13:48:51","guid":{"rendered":"http:\/\/ilkokuma.atauni.edu.tr\/?page_id=330"},"modified":"2020-10-28T13:53:51","modified_gmt":"2020-10-28T10:53:51","slug":"prof-dr-selcuk-karaman","status":"publish","type":"page","link":"http:\/\/ilkokuma.atauni.edu.tr\/index.php\/prof-dr-selcuk-karaman\/","title":{"rendered":"Prof. Dr. Sel\u00e7uk KARAMAN"},"content":{"rendered":"\n<div class=\"wp-block-group\"><div class=\"wp-block-group__inner-container is-layout-flow wp-block-group-is-layout-flow\">\n<div class=\"wp-block-image\"><figure class=\"alignright size-large\"><img loading=\"lazy\" decoding=\"async\" width=\"200\" height=\"200\" src=\"http:\/\/ilkokuma.atauni.edu.tr\/wp-content\/uploads\/2020\/08\/aa.jpg\" alt=\"\" class=\"wp-image-331\" srcset=\"http:\/\/ilkokuma.atauni.edu.tr\/wp-content\/uploads\/2020\/08\/aa.jpg 200w, http:\/\/ilkokuma.atauni.edu.tr\/wp-content\/uploads\/2020\/08\/aa-150x150.jpg 150w\" sizes=\"auto, (max-width: 200px) 100vw, 200px\" \/><\/figure><\/div>\n<\/div><\/div>\n\n\n\n<p class=\"has-drop-cap\">Prof. Dr. Sel\u00e7uk KARAMAN, 1999 y\u0131l\u0131nda Gazi \u00dcniversitesi, Elektronik Bilgisayar E\u011fitimi B\u00f6l\u00fcm\u00fcnde lisans e\u011fitimini tamamlam\u0131\u015ft\u0131r. 1999-2001 y\u0131llar\u0131 aras\u0131nda Atat\u00fcrk \u00dcniversitesi, Sosyal Biimler Enstit\u00fcs\u00fc, \u0130\u015fletme \/Say\u0131sal Y\u00f6ntemler b\u00f6l\u00fcm\u00fcnde y\u00fcksek lisans e\u011fitmini tamamlad\u0131ktan sonra 2001 y\u0131l\u0131nda Atat\u00fcrk \u00dcniversitesi, Sosyal Bilimler Ens., \u0130\u015fletme- Say\u0131sal Y\u00f6ntemler b\u00f6l\u00fcm\u00fcnde doktora e\u011fitimine ba\u015flam\u0131\u015ft\u0131r. 2006 y\u0131l\u0131nda doktora e\u011fitimini tamamlam\u0131\u015ft\u0131r. 2017 y\u0131l\u0131nda Profes\u00f6r olarak Atat\u00fcrk \u00dcniversitesi, Kaz\u0131m Karabekir E\u011fitim Fak\u00fcltesi, Bilgisayar Ve \u00d6\u011fretim Teknolojileri E\u011fitimi B\u00f6l\u00fcnde \u00f6\u011fretim \u00fcyesi olarak g\u00f6rev almaktad\u0131r.<\/p>\n","protected":false},"excerpt":{"rendered":"<p>Prof. Dr. Sel\u00e7uk KARAMAN, 1999 y\u0131l\u0131nda Gazi \u00dcniversitesi, Elektronik Bilgisayar E\u011fitimi B\u00f6l\u00fcm\u00fcnde lisans e\u011fitimini tamamlam\u0131\u015ft\u0131r. 1999-2001 y\u0131llar\u0131 aras\u0131nda Atat\u00fcrk \u00dcniversitesi, Sosyal Biimler Enstit\u00fcs\u00fc, \u0130\u015fletme \/Say\u0131sal Y\u00f6ntemler b\u00f6l\u00fcm\u00fcnde y\u00fcksek lisans e\u011fitmini tamamlad\u0131ktan sonra 2001 y\u0131l\u0131nda Atat\u00fcrk \u00dcniversitesi, Sosyal Bilimler Ens., \u0130\u015fletme- Say\u0131sal Y\u00f6ntemler b\u00f6l\u00fcm\u00fcnde doktora e\u011fitimine ba\u015flam\u0131\u015ft\u0131r. 2006 y\u0131l\u0131nda doktora e\u011fitimini tamamlam\u0131\u015ft\u0131r. 2017 y\u0131l\u0131nda Profes\u00f6r olarak [&hellip;]<\/p>\n","protected":false},"author":1,"featured_media":0,"parent":0,"menu_order":0,"comment_status":"closed","ping_status":"closed","template":"","meta":{"footnotes":""},"class_list":["post-330","page","type-page","status-publish","hentry"],"_links":{"self":[{"href":"http:\/\/ilkokuma.atauni.edu.tr\/index.php\/wp-json\/wp\/v2\/pages\/330","targetHints":{"allow":["GET"]}}],"collection":[{"href":"http:\/\/ilkokuma.atauni.edu.tr\/index.php\/wp-json\/wp\/v2\/pages"}],"about":[{"href":"http:\/\/ilkokuma.atauni.edu.tr\/index.php\/wp-json\/wp\/v2\/types\/page"}],"author":[{"embeddable":true,"href":"http:\/\/ilkokuma.atauni.edu.tr\/index.php\/wp-json\/wp\/v2\/users\/1"}],"replies":[{"embeddable":true,"href":"http:\/\/ilkokuma.atauni.edu.tr\/index.php\/wp-json\/wp\/v2\/comments?post=330"}],"version-history":[{"count":2,"href":"http:\/\/ilkokuma.atauni.edu.tr\/index.php\/wp-json\/wp\/v2\/pages\/330\/revisions"}],"predecessor-version":[{"id":4238,"href":"http:\/\/ilkokuma.atauni.edu.tr\/index.php\/wp-json\/wp\/v2\/pages\/330\/revisions\/4238"}],"wp:attachment":[{"href":"http:\/\/ilkokuma.atauni.edu.tr\/index.php\/wp-json\/wp\/v2\/media?parent=330"}],"curies":[{"name":"wp","href":"https:\/\/api.w.org\/{rel}","templated":true}]}}