{"id":335,"date":"2020-08-19T16:59:58","date_gmt":"2020-08-19T13:59:58","guid":{"rendered":"http:\/\/ilkokuma.atauni.edu.tr\/?page_id=335"},"modified":"2020-10-28T13:53:57","modified_gmt":"2020-10-28T10:53:57","slug":"doc-dr-omer-yilar","status":"publish","type":"page","link":"http:\/\/ilkokuma.atauni.edu.tr\/index.php\/doc-dr-omer-yilar\/","title":{"rendered":"Doc. Dr. \u00d6mer YILAR"},"content":{"rendered":"\n<div class=\"wp-block-image\"><figure class=\"alignright size-large\"><img loading=\"lazy\" decoding=\"async\" width=\"189\" height=\"228\" src=\"http:\/\/ilkokuma.atauni.edu.tr\/wp-content\/uploads\/2020\/08\/resizer.png\" alt=\"\" class=\"wp-image-336\"\/><\/figure><\/div>\n\n\n\n<p class=\"has-drop-cap\">Doc. Dr. \u00d6mer YILAR 1991-1995 y\u0131llar\u0131 aras\u0131nda Atat\u00fcrk \u00dcniversitesi, Erzincan E\u011fitim Fak\u00fcltesi, S\u0131n\u0131f \u00d6\u011fretmenli\u011finde lisans e\u011fitimini tamamlam\u0131\u015ft\u0131r. Y\u00fcksek Lisans e\u011fitimini 1995-1998 y\u0131llar\u0131nda Atat\u00fcrk \u00dcniversitesi, Sosyal Bilimler Enstit\u00fcs\u00fc, T\u00fcrk Halk Bilimi b\u00f6l\u00fcm\u00fcnde tamamlad\u0131ktan sonra yine ayn\u0131 b\u00f6l\u00fcmde 1998-2005 y\u0131llar\u0131 aras\u0131nda doktora e\u011fitimini tamamlam\u0131\u015ft\u0131r. 2018 y\u0131l\u0131nda Atat\u00fcrk \u00dcniversitesi, K.Karabekir E\u011fitim Fak\u00fcltesi, Temel E\u011fitim b\u00f6l\u00fcm\u00fcnde ana bilim dal\u0131 ba\u015fkan\u0131 olarak g\u00f6rev almaktad\u0131r.<\/p>\n","protected":false},"excerpt":{"rendered":"<p>Doc. Dr. \u00d6mer YILAR 1991-1995 y\u0131llar\u0131 aras\u0131nda Atat\u00fcrk \u00dcniversitesi, Erzincan E\u011fitim Fak\u00fcltesi, S\u0131n\u0131f \u00d6\u011fretmenli\u011finde lisans e\u011fitimini tamamlam\u0131\u015ft\u0131r. Y\u00fcksek Lisans e\u011fitimini 1995-1998 y\u0131llar\u0131nda Atat\u00fcrk \u00dcniversitesi, Sosyal Bilimler Enstit\u00fcs\u00fc, T\u00fcrk Halk Bilimi b\u00f6l\u00fcm\u00fcnde tamamlad\u0131ktan sonra yine ayn\u0131 b\u00f6l\u00fcmde 1998-2005 y\u0131llar\u0131 aras\u0131nda doktora e\u011fitimini tamamlam\u0131\u015ft\u0131r. 2018 y\u0131l\u0131nda Atat\u00fcrk \u00dcniversitesi, K.Karabekir E\u011fitim Fak\u00fcltesi, Temel E\u011fitim b\u00f6l\u00fcm\u00fcnde ana bilim dal\u0131 [&hellip;]<\/p>\n","protected":false},"author":1,"featured_media":0,"parent":0,"menu_order":0,"comment_status":"closed","ping_status":"closed","template":"","meta":{"footnotes":""},"class_list":["post-335","page","type-page","status-publish","hentry"],"_links":{"self":[{"href":"http:\/\/ilkokuma.atauni.edu.tr\/index.php\/wp-json\/wp\/v2\/pages\/335","targetHints":{"allow":["GET"]}}],"collection":[{"href":"http:\/\/ilkokuma.atauni.edu.tr\/index.php\/wp-json\/wp\/v2\/pages"}],"about":[{"href":"http:\/\/ilkokuma.atauni.edu.tr\/index.php\/wp-json\/wp\/v2\/types\/page"}],"author":[{"embeddable":true,"href":"http:\/\/ilkokuma.atauni.edu.tr\/index.php\/wp-json\/wp\/v2\/users\/1"}],"replies":[{"embeddable":true,"href":"http:\/\/ilkokuma.atauni.edu.tr\/index.php\/wp-json\/wp\/v2\/comments?post=335"}],"version-history":[{"count":1,"href":"http:\/\/ilkokuma.atauni.edu.tr\/index.php\/wp-json\/wp\/v2\/pages\/335\/revisions"}],"predecessor-version":[{"id":339,"href":"http:\/\/ilkokuma.atauni.edu.tr\/index.php\/wp-json\/wp\/v2\/pages\/335\/revisions\/339"}],"wp:attachment":[{"href":"http:\/\/ilkokuma.atauni.edu.tr\/index.php\/wp-json\/wp\/v2\/media?parent=335"}],"curies":[{"name":"wp","href":"https:\/\/api.w.org\/{rel}","templated":true}]}}