{"id":4226,"date":"2020-10-28T13:24:37","date_gmt":"2020-10-28T10:24:37","guid":{"rendered":"http:\/\/ilkokuma.atauni.edu.tr\/?page_id=4226"},"modified":"2020-10-28T13:56:26","modified_gmt":"2020-10-28T10:56:26","slug":"ali-dertli","status":"publish","type":"page","link":"http:\/\/ilkokuma.atauni.edu.tr\/index.php\/ali-dertli\/","title":{"rendered":"Ali DERTL\u0130"},"content":{"rendered":"\n<div class=\"wp-block-image\"><figure class=\"alignright is-resized\"><img loading=\"lazy\" decoding=\"async\" src=\"http:\/\/ilkokuma.atauni.edu.tr\/wp-content\/uploads\/2020\/10\/P80611-170202-1-150x150.jpg\" alt=\"\" width=\"191\" height=\"191\"\/><\/figure><\/div>\n\n\n\n<p class=\"has-drop-cap\">Ali DERTL\u0130, 2014-2018 y\u0131llar\u0131nda Anadolu \u00dcniversitesi Bilgisayar ve \u00d6\u011fretim Teknolojileri \u00d6\u011fretmenli\u011fi b\u00f6l\u00fcm\u00fcnde lisans e\u011fitimini tamamlam\u0131\u015ft\u0131r. 2018 y\u0131l\u0131nda Atat\u00fcrk \u00dcniversitesi Bilgisayar ve \u00d6\u011fretim Teknolojileri \u00d6\u011fretmenli\u011fi b\u00f6l\u00fcm\u00fcnde y\u00fcksek lisans e\u011fitimine ba\u015flam\u0131\u015f olup g\u00fcn\u00fcm\u00fczde e\u011fitimine devam etmektedir.<\/p>\n","protected":false},"excerpt":{"rendered":"<p>Ali DERTL\u0130, 2014-2018 y\u0131llar\u0131nda Anadolu \u00dcniversitesi Bilgisayar ve \u00d6\u011fretim Teknolojileri \u00d6\u011fretmenli\u011fi b\u00f6l\u00fcm\u00fcnde lisans e\u011fitimini tamamlam\u0131\u015ft\u0131r. 2018 y\u0131l\u0131nda Atat\u00fcrk \u00dcniversitesi Bilgisayar ve \u00d6\u011fretim Teknolojileri \u00d6\u011fretmenli\u011fi b\u00f6l\u00fcm\u00fcnde y\u00fcksek lisans e\u011fitimine ba\u015flam\u0131\u015f olup g\u00fcn\u00fcm\u00fczde e\u011fitimine devam etmektedir.<\/p>\n","protected":false},"author":1,"featured_media":4229,"parent":0,"menu_order":0,"comment_status":"closed","ping_status":"closed","template":"","meta":{"footnotes":""},"class_list":["post-4226","page","type-page","status-publish","has-post-thumbnail","hentry"],"_links":{"self":[{"href":"http:\/\/ilkokuma.atauni.edu.tr\/index.php\/wp-json\/wp\/v2\/pages\/4226","targetHints":{"allow":["GET"]}}],"collection":[{"href":"http:\/\/ilkokuma.atauni.edu.tr\/index.php\/wp-json\/wp\/v2\/pages"}],"about":[{"href":"http:\/\/ilkokuma.atauni.edu.tr\/index.php\/wp-json\/wp\/v2\/types\/page"}],"author":[{"embeddable":true,"href":"http:\/\/ilkokuma.atauni.edu.tr\/index.php\/wp-json\/wp\/v2\/users\/1"}],"replies":[{"embeddable":true,"href":"http:\/\/ilkokuma.atauni.edu.tr\/index.php\/wp-json\/wp\/v2\/comments?post=4226"}],"version-history":[{"count":3,"href":"http:\/\/ilkokuma.atauni.edu.tr\/index.php\/wp-json\/wp\/v2\/pages\/4226\/revisions"}],"predecessor-version":[{"id":4242,"href":"http:\/\/ilkokuma.atauni.edu.tr\/index.php\/wp-json\/wp\/v2\/pages\/4226\/revisions\/4242"}],"wp:featuredmedia":[{"embeddable":true,"href":"http:\/\/ilkokuma.atauni.edu.tr\/index.php\/wp-json\/wp\/v2\/media\/4229"}],"wp:attachment":[{"href":"http:\/\/ilkokuma.atauni.edu.tr\/index.php\/wp-json\/wp\/v2\/media?parent=4226"}],"curies":[{"name":"wp","href":"https:\/\/api.w.org\/{rel}","templated":true}]}}