{"id":4231,"date":"2020-10-28T13:34:24","date_gmt":"2020-10-28T10:34:24","guid":{"rendered":"http:\/\/ilkokuma.atauni.edu.tr\/?page_id=4231"},"modified":"2021-08-20T18:49:00","modified_gmt":"2021-08-20T15:49:00","slug":"elif-akan","status":"publish","type":"page","link":"http:\/\/ilkokuma.atauni.edu.tr\/index.php\/elif-akan\/","title":{"rendered":"Elif AKAN"},"content":{"rendered":"\n<div class=\"wp-block-image is-style-default\"><figure class=\"alignright size-thumbnail is-resized\"><img loading=\"lazy\" decoding=\"async\" src=\"http:\/\/ilkokuma.atauni.edu.tr\/wp-content\/uploads\/2021\/08\/vesikalik-150x150.jpg\" alt=\"\" class=\"wp-image-4311\" width=\"187\" height=\"187\"\/><\/figure><\/div>\n\n\n\n<p class=\"has-drop-cap\">Elif AKAN 2015-2019 y\u0131llar\u0131nda Erzurum Atat\u00fcrk \u00dcniversitesi, Kaz\u0131m Karabekir E\u011fitim Fak\u00fcltesi, S\u0131n\u0131f E\u011fitimi b\u00f6l\u00fcm\u00fcnde lisans e\u011fitimini tamamlam\u0131\u015ft\u0131r.&nbsp; 2019-2020 y\u0131llar\u0131nda Atat\u00fcrk \u00dcniversitesi, E\u011fitim Bilimleri Enstit\u00fcs\u00fc, Temel E\u011fitim\/S\u0131n\u0131f E\u011fitimi b\u00f6l\u00fcm\u00fcnde y\u00fcksek lisans e\u011fitimine devam etmektedir.&nbsp;<\/p>\n","protected":false},"excerpt":{"rendered":"<p>Elif AKAN 2015-2019 y\u0131llar\u0131nda Erzurum Atat\u00fcrk \u00dcniversitesi, Kaz\u0131m Karabekir E\u011fitim Fak\u00fcltesi, S\u0131n\u0131f E\u011fitimi b\u00f6l\u00fcm\u00fcnde lisans e\u011fitimini tamamlam\u0131\u015ft\u0131r.&nbsp; 2019-2020 y\u0131llar\u0131nda Atat\u00fcrk \u00dcniversitesi, E\u011fitim Bilimleri Enstit\u00fcs\u00fc, Temel E\u011fitim\/S\u0131n\u0131f E\u011fitimi b\u00f6l\u00fcm\u00fcnde y\u00fcksek lisans e\u011fitimine devam etmektedir.&nbsp;<\/p>\n","protected":false},"author":1,"featured_media":4234,"parent":0,"menu_order":0,"comment_status":"closed","ping_status":"closed","template":"","meta":{"footnotes":""},"class_list":["post-4231","page","type-page","status-publish","has-post-thumbnail","hentry"],"_links":{"self":[{"href":"http:\/\/ilkokuma.atauni.edu.tr\/index.php\/wp-json\/wp\/v2\/pages\/4231","targetHints":{"allow":["GET"]}}],"collection":[{"href":"http:\/\/ilkokuma.atauni.edu.tr\/index.php\/wp-json\/wp\/v2\/pages"}],"about":[{"href":"http:\/\/ilkokuma.atauni.edu.tr\/index.php\/wp-json\/wp\/v2\/types\/page"}],"author":[{"embeddable":true,"href":"http:\/\/ilkokuma.atauni.edu.tr\/index.php\/wp-json\/wp\/v2\/users\/1"}],"replies":[{"embeddable":true,"href":"http:\/\/ilkokuma.atauni.edu.tr\/index.php\/wp-json\/wp\/v2\/comments?post=4231"}],"version-history":[{"count":5,"href":"http:\/\/ilkokuma.atauni.edu.tr\/index.php\/wp-json\/wp\/v2\/pages\/4231\/revisions"}],"predecessor-version":[{"id":4314,"href":"http:\/\/ilkokuma.atauni.edu.tr\/index.php\/wp-json\/wp\/v2\/pages\/4231\/revisions\/4314"}],"wp:featuredmedia":[{"embeddable":true,"href":"http:\/\/ilkokuma.atauni.edu.tr\/index.php\/wp-json\/wp\/v2\/media\/4234"}],"wp:attachment":[{"href":"http:\/\/ilkokuma.atauni.edu.tr\/index.php\/wp-json\/wp\/v2\/media?parent=4231"}],"curies":[{"name":"wp","href":"https:\/\/api.w.org\/{rel}","templated":true}]}}