{"id":287,"date":"2020-08-19T15:24:39","date_gmt":"2020-08-19T12:24:39","guid":{"rendered":"http:\/\/ilkokuma.atauni.edu.tr\/?page_id=287"},"modified":"2020-10-28T13:11:30","modified_gmt":"2020-10-28T10:11:30","slug":"ekibimiz","status":"publish","type":"page","link":"https:\/\/ilkokuma.atauni.edu.tr\/index.php\/ekibimiz\/","title":{"rendered":"Ekibimiz"},"content":{"rendered":"\n<p><\/p>\n\n\n\n<div class=\"wp-block-group\"><div class=\"wp-block-group__inner-container is-layout-flow wp-block-group-is-layout-flow\">\n<pre class=\"wp-block-preformatted\"><div class=\"tmm tmm_doc-dr-engin-kursun\"><div class=\"tmm_5_columns tmm_wrap tmm_plugin_f\"><span class=\"tmm_two_containers_tablet\"><\/span><div class=\"tmm_container\"><div class=\"tmm_member\" style=\"border-top:#333333 solid 5px;\"><div class=\"tmm_photo tmm_pic_doc-dr-engin-kursun_0\" style=\"background: url(http:\/\/ilkokuma.atauni.edu.tr\/wp-content\/uploads\/2020\/07\/resizer.png); margin-left: auto; margin-right:auto; background-size:cover !important;\"><\/div><div class=\"tmm_textblock\"><div class=\"tmm_names\"><span class=\"tmm_fname\">Doc. Dr. Engin <\/span> <span class=\"tmm_lname\">KUR\u015eUN<\/span><\/div><div class=\"tmm_job\">Proje Y\u00fcr\u00fct\u00fcc\u00fcs\u00fc<\/div><div class=\"tmm_desc\" style=\"text-align:\"><p>Doc. Dr. Engin KUR\u015eUN, 1999-2003 y\u0131llar\u0131 aras\u0131nda Atat\u00fcrk \u00dcniversitesi, E\u011fitim Fak\u00fcltesi, Bilgisayar ve \u00d6\u011fretim Teknolojileri E\u011fitimi B\u00f6l\u00fcm\u00fcnde lisans e\u011fitimini tamamlam\u0131\u015ft\u0131r. <a href=\"http:\/\/ilkokuma.atauni.edu.tr\/index.php\/doc-dr-engin-kursun\/\">Devam\u0131n\u0131 oku...<\/a><\/p><p>E-mail: ekursun@atauni.edu.tr<\/p><\/div><div class=\"tmm_scblock\"><a target=\"_blank\" class=\"tmm_sociallink\" href=\"http:\/\/enginkursun.atauni.edu.tr\/\" title=\"Website\"><img decoding=\"async\" alt=\"Website\" src=\"https:\/\/ilkokuma.atauni.edu.tr\/wp-content\/plugins\/team-members\/inc\/img\/links\/website.png\"\/><\/a><\/div><\/div><\/div><div class=\"tmm_member\" style=\"border-top:#333333 solid 5px;\"><div class=\"tmm_photo tmm_pic_doc-dr-engin-kursun_1\" style=\"background: url(http:\/\/ilkokuma.atauni.edu.tr\/wp-content\/uploads\/2020\/08\/aa.jpg); margin-left: auto; margin-right:auto; background-size:cover !important;\"><\/div><div class=\"tmm_textblock\"><div class=\"tmm_names\"><span class=\"tmm_fname\">Prof. Dr. Sel\u00e7uk<\/span> <span class=\"tmm_lname\">KARAMAN<\/span><\/div><div class=\"tmm_job\">Ara\u015ft\u0131rmac\u0131<\/div><div class=\"tmm_desc\" style=\"text-align:\"><p>Prof. Dr. Sel\u00e7uk KARAMAN, 1999 y\u0131l\u0131nda Gazi \u00dcniversitesi, Elektronik Bilgisayar E\u011fitimi B\u00f6l\u00fcm\u00fcnde lisans e\u011fitimini tamamlam\u0131\u015ft\u0131r. <a href=\"http:\/\/ilkokuma.atauni.edu.tr\/index.php\/prof-dr-selcuk-karaman\/\">Devam\u0131n\u0131 oku...<\/a><\/p><p>E-mail: &nbsp;skaraman@atauni.edu.tr<\/p><\/div><div class=\"tmm_scblock\"><\/div><\/div><\/div><span class=\"tmm_two_containers_tablet\"><\/span><div class=\"tmm_member\" style=\"border-top:#333333 solid 5px;\"><div class=\"tmm_photo tmm_pic_doc-dr-engin-kursun_2\" style=\"background: url(http:\/\/ilkokuma.atauni.edu.tr\/wp-content\/uploads\/2020\/08\/resizer.png); margin-left: auto; margin-right:auto; background-size:cover !important;\"><\/div><div class=\"tmm_textblock\"><div class=\"tmm_names\"><span class=\"tmm_fname\">Doc. Dr. \u00d6mer<\/span> <span class=\"tmm_lname\">YILAR<\/span><\/div><div class=\"tmm_job\">Ara\u015ft\u0131rmac\u0131<\/div><div class=\"tmm_desc\" style=\"text-align:\"><p>Doc. Dr. \u00d6mer YILAR 1991-1995 y\u0131llar\u0131 aras\u0131nda Atat\u00fcrk \u00dcniversitesi, Erzincan E\u011fitim Fak\u00fcltesi, S\u0131n\u0131f \u00d6\u011fretmenli\u011finde lisans e\u011fitimini tamamlam\u0131\u015ft\u0131r. <a href=\"http:\/\/ilkokuma.atauni.edu.tr\/index.php\/doc-dr-omer-yilar\/\">Devam\u0131n\u0131 oku...<\/a><\/p><p>E-mail: omery@atauni.edu.tr<\/p><\/div><div class=\"tmm_scblock\"><\/div><\/div><\/div><div class=\"tmm_member\" style=\"border-top:#333333 solid 5px;\"><div class=\"tmm_photo tmm_pic_doc-dr-engin-kursun_3\" style=\"background: url(http:\/\/ilkokuma.atauni.edu.tr\/wp-content\/uploads\/2020\/07\/resizer-1.png); margin-left: auto; margin-right:auto; background-size:cover !important;\"><\/div><div class=\"tmm_textblock\"><div class=\"tmm_names\"><span class=\"tmm_fname\">Dr. \u00d6\u011fr. \u00dcyesi Mine <\/span> <span class=\"tmm_lname\">YILDIZ<\/span><\/div><div class=\"tmm_job\">Ara\u015ft\u0131rmac\u0131<\/div><div class=\"tmm_desc\" style=\"text-align:\"><p>Dr. \u00d6\u011fr. \u00dcyesi Mine YILDIZ 2006-2011 y\u0131llar\u0131 aras\u0131nda Atat\u00fcrk \u00dcniversitesi, Kaz\u0131m Karabekir E\u011fitim Fak\u00fcltesi, \u0130ngiliz Dili E\u011fitimi alan\u0131nda lisans e\u011fitimini tamamlam\u0131\u015ft\u0131r. <a href=\"http:\/\/ilkokuma.atauni.edu.tr\/index.php\/dr-ogr-uyesi-mine-yildiz\/\">Devam\u0131n\u0131 oku...<\/a><\/p><p>E-mail: &nbsp;mine.yazici@atauni.edu.tr<\/p><\/div><div class=\"tmm_scblock\"><\/div><\/div><\/div><span class=\"tmm_two_containers_tablet\"><\/span><div class=\"tmm_member\" style=\"border-top:#333333 solid 5px;\"><div class=\"tmm_photo tmm_pic_doc-dr-engin-kursun_4\" style=\"background: url(http:\/\/ilkokuma.atauni.edu.tr\/wp-content\/uploads\/2020\/08\/Ads\u0131z.png); margin-left: auto; margin-right:auto; background-size:cover !important;\"><\/div><div class=\"tmm_textblock\"><div class=\"tmm_names\"><span class=\"tmm_fname\">Ar\u015f. G\u00f6r. Meryem<\/span> <span class=\"tmm_lname\">\u00d6ZDEM\u0130R C\u0130HAN <\/span><\/div><div class=\"tmm_job\">Ara\u015ft\u0131rmac\u0131<\/div><div class=\"tmm_desc\" style=\"text-align:\"><p>Ar\u015f. G\u00f6r. Meryem \u00d6ZDEM\u0130R C\u0130HAN 2008-2012 y\u0131llar\u0131nda Erzincan Binali Y\u0131ld\u0131r\u0131m \u00dcniversitesi E\u011fitim Fak\u00fcltesi S\u0131n\u0131f E\u011fitimi b\u00f6l\u00fcm\u00fcnde lisans e\u011fitimini tamamlam\u0131\u015ft\u0131r. <a href=\"http:\/\/ilkokuma.atauni.edu.tr\/index.php\/ars-gor-meryem-ozdemir-cihan\/\">Devam\u0131n\u0131 oku...<\/a><\/p><p>E-mail: meryem.ozdemir@atauni.edu.tr<\/p><\/div><div class=\"tmm_scblock\"><\/div><\/div><\/div><\/div><span class=\"tmm_columns_containers_desktop\"><\/span><div class=\"tmm_container\"><div class=\"tmm_member\" style=\"border-top:#333333 solid 5px;\"><div class=\"tmm_photo tmm_pic_doc-dr-engin-kursun_5\" style=\"background: url(http:\/\/ilkokuma.atauni.edu.tr\/wp-content\/uploads\/2021\/08\/vesikalik.jpg); margin-left: auto; margin-right:auto; background-size:cover !important;\"><\/div><div class=\"tmm_textblock\"><div class=\"tmm_names\"><span class=\"tmm_fname\">Elif<\/span> <span class=\"tmm_lname\">AKAN<\/span><\/div><div class=\"tmm_job\">Bursiyer<\/div><div class=\"tmm_desc\" style=\"text-align:\"><p>Elif AKAN 2015-2019 y\u0131llar\u0131nda Erzurum Atat\u00fcrk \u00dcniversitesi, Kaz\u0131m Karabekir E\u011fitim Fak\u00fcltesi, S\u0131n\u0131f E\u011fitimi b\u00f6l\u00fcm\u00fcnde lisans e\u011fitimini tamamlam\u0131\u015ft\u0131r. <a href=\"http:\/\/ilkokuma.atauni.edu.tr\/index.php\/elif-akan\/\">Devam\u0131n\u0131 oku..<\/a><\/p><p>E-mail: elif.akan15@ogr.atauni.edu.tr<\/p><\/div><div class=\"tmm_scblock\"><\/div><\/div><\/div><span class=\"tmm_two_containers_tablet\"><\/span><div class=\"tmm_member\" style=\"border-top:#333333 solid 5px;\"><div class=\"tmm_photo tmm_pic_doc-dr-engin-kursun_6\" style=\"background: url(http:\/\/ilkokuma.atauni.edu.tr\/wp-content\/uploads\/2020\/10\/P80611-170202-1-scaled.jpg); margin-left: auto; margin-right:auto; background-size:cover !important;\"><\/div><div class=\"tmm_textblock\"><div class=\"tmm_names\"><span class=\"tmm_fname\">Ali<\/span> <span class=\"tmm_lname\">DERTL\u0130<\/span><\/div><div class=\"tmm_job\">Bursiyer<\/div><div class=\"tmm_desc\" style=\"text-align:\"><p>Ali DERTL\u0130 2014-2018 y\u0131llar\u0131nda Anadolu \u00dcniversitesi Bilgisayar ve \u00d6\u011fretim Teknolojileri \u00d6\u011fretmenli\u011fi b\u00f6l\u00fcm\u00fcnde lisans e\u011fitimini tamamlam\u0131\u015ft\u0131r. <a href=\"http:\/\/ilkokuma.atauni.edu.tr\/index.php\/ali-dertli\/\">Devam\u0131 oku..<\/a><\/p><p>E-mail: ali.dertli18@ogr.atauni.edu.tr<\/p><\/div><div class=\"tmm_scblock\"><\/div><\/div><\/div><div class=\"tmm_member\" style=\"border-top:#333333 solid 5px;\"><div class=\"tmm_photo tmm_pic_doc-dr-engin-kursun_7\" style=\"background: url(http:\/\/ilkokuma.atauni.edu.tr\/wp-content\/uploads\/2020\/10\/IMG_5716-e1604059094949.jpg); margin-left: auto; margin-right:auto; background-size:cover !important;\"><\/div><div class=\"tmm_textblock\"><div class=\"tmm_names\"><span class=\"tmm_fname\">Selma <\/span> <span class=\"tmm_lname\">DURDU<\/span><\/div><div class=\"tmm_job\">Bursiyer<\/div><div class=\"tmm_desc\" style=\"text-align:\"><p>Selma DURDU 2017 y\u0131l\u0131nda ba\u015flad\u0131\u011f\u0131 Erzurum Atat\u00fcrk \u00dcniversitesi, Kaz\u0131m Karabekir E\u011fitim Fak\u00fcltesi, \u0130ngilizce \u00d6\u011fretmenli\u011fi program\u0131na halen devam etmektedir.<\/p><p>E-mail: selma.durdu17@ogr.atauni.edu.tr<\/p><\/div><div class=\"tmm_scblock\"><\/div><\/div><\/div><span class=\"tmm_two_containers_tablet\"><\/span><div class=\"tmm_member\" style=\"border-top:#333333 solid 5px;\"><div class=\"tmm_photo tmm_pic_doc-dr-engin-kursun_8\" style=\"background: url(http:\/\/ilkokuma.atauni.edu.tr\/wp-content\/uploads\/2021\/02\/WhatsApp-Image-2021-02-12-at-16.26.16-1.jpeg); margin-left: auto; margin-right:auto; background-size:cover !important;\"><\/div><div class=\"tmm_textblock\"><div class=\"tmm_names\"><span class=\"tmm_fname\">K\u00fcbra<\/span> <span class=\"tmm_lname\">G\u0130R\u0130T<\/span><\/div><div class=\"tmm_job\">Bursiyer<\/div><div class=\"tmm_desc\" style=\"text-align:\"><p>K\u00fcbra G\u0130R\u0130T 2017 y\u0131l\u0131nda ba\u015flad\u0131\u011f\u0131 Erzurum Atat\u00fcrk \u00dcniversitesi, Kaz\u0131m Karabekir E\u011fitim Fak\u00fcltesi, \u0130ngilizce \u00d6\u011fretmenli\u011fi program\u0131na halen devam etmektedir.<\/p><p>E-mail: kubragiriit@gmail.com<\/p><\/div><div class=\"tmm_scblock\"><\/div><\/div><\/div><div class=\"tmm_member\" style=\"border-top:#333333 solid 5px;\"><div class=\"tmm_textblock\"><div class=\"tmm_names\"><span class=\"tmm_fname\">Rabia <\/span> <span class=\"tmm_lname\">DEM\u0130REL<\/span><\/div><div class=\"tmm_job\">Bursiyer<\/div><div class=\"tmm_desc\" style=\"text-align:\"><p>Rabia DEM\u0130REL 2016 y\u0131l\u0131nda ba\u015flad\u0131\u011f\u0131 Erzurum Atat\u00fcrk \u00dcniversitesi, Kaz\u0131m Karabekir E\u011fitim Fak\u00fcltesi, Bilgisayar ve \u00d6\u011fretim Teknolojileri \u00d6\u011fretmenli\u011fi program\u0131ndan 2020 y\u0131l\u0131nda lisans e\u011fitimini tamamlam\u0131\u015ft\u0131r.<\/p><p>E-mail: rabiademirel0617@gmail.com<\/p><\/div><div class=\"tmm_scblock\"><\/div><\/div><\/div><div style=\"clear:both;\"><\/div><\/div><\/div><\/div><\/pre>\n<\/div><\/div>\n\n\n\n<p><\/p>\n","protected":false},"excerpt":{"rendered":"","protected":false},"author":1,"featured_media":0,"parent":0,"menu_order":0,"comment_status":"closed","ping_status":"closed","template":"","meta":{"footnotes":""},"class_list":["post-287","page","type-page","status-publish","hentry"],"_links":{"self":[{"href":"https:\/\/ilkokuma.atauni.edu.tr\/index.php\/wp-json\/wp\/v2\/pages\/287","targetHints":{"allow":["GET"]}}],"collection":[{"href":"https:\/\/ilkokuma.atauni.edu.tr\/index.php\/wp-json\/wp\/v2\/pages"}],"about":[{"href":"https:\/\/ilkokuma.atauni.edu.tr\/index.php\/wp-json\/wp\/v2\/types\/page"}],"author":[{"embeddable":true,"href":"https:\/\/ilkokuma.atauni.edu.tr\/index.php\/wp-json\/wp\/v2\/users\/1"}],"replies":[{"embeddable":true,"href":"https:\/\/ilkokuma.atauni.edu.tr\/index.php\/wp-json\/wp\/v2\/comments?post=287"}],"version-history":[{"count":6,"href":"https:\/\/ilkokuma.atauni.edu.tr\/index.php\/wp-json\/wp\/v2\/pages\/287\/revisions"}],"predecessor-version":[{"id":306,"href":"https:\/\/ilkokuma.atauni.edu.tr\/index.php\/wp-json\/wp\/v2\/pages\/287\/revisions\/306"}],"wp:attachment":[{"href":"https:\/\/ilkokuma.atauni.edu.tr\/index.php\/wp-json\/wp\/v2\/media?parent=287"}],"curies":[{"name":"wp","href":"https:\/\/api.w.org\/{rel}","templated":true}]}}