{"id":44,"date":"2020-07-13T12:55:45","date_gmt":"2020-07-13T09:55:45","guid":{"rendered":"http:\/\/ilkokuma.atauni.edu.tr\/?page_id=44"},"modified":"2024-09-16T09:07:24","modified_gmt":"2024-09-16T06:07:24","slug":"proje-ciktilari","status":"publish","type":"page","link":"https:\/\/ilkokuma.atauni.edu.tr\/index.php\/proje-ciktilari\/","title":{"rendered":"Proje \u00c7\u0131kt\u0131lar\u0131"},"content":{"rendered":"\n<p>Makaleler<\/p>\n\n\n\n<pre class=\"wp-block-code\"><code>Y\u0131ld\u0131z, M., \u00d6zdemir Cihan, M., Kur\u015fun, E., Karaman, S., Akan, E.,  &amp; Y\u0131lar, \u00d6., (2024). Whole Language Method or Phonics Method for Better Reading? An Eye-tracking Study.  Participatory Educational Research , vol.11, no.1, 121-141.                <\/code><\/pre>\n\n\n\n<pre class=\"wp-block-code\"><code>Akan, E., \u00d6zdemir Cihan, M., Kur\u015fun, E., Y\u0131ld\u0131z, M.,  &amp; Aydemir Arslan, M., (2024). Whole Language Method and Phonics Instruction as Literacy Teaching Methods: A Systematic Review.  JOURNAL OF QUALITATIVE RESEARCH IN EDUCATION-EGITIMDE NITEL ARASTIRMALAR DERGISI , vol.2024, no.37, 247-280.                <\/code><\/pre>\n\n\n\n<pre class=\"wp-block-code\"><code>Y\u0131ld\u0131z, M., \u00d6zdemir Cihan, M.,  &amp; Kur\u015fun, E., (2024). What is the Difference between Good and Poor Young Adult Readers?.  READING PSYCHOLOGY:AN INTERNATIONAL QUARTERLY , vol.45, no.2.                <\/code><\/pre>\n\n\n\n<p>Bildiriler<\/p>\n\n\n\n<pre class=\"wp-block-code\"><code>KUR\u015eUN, E., YILDIZ, M., \u00d6ZDEM\u0130R, M., KARAMAN, S.,  &amp; YILAR, \u00d6., (2019).  \u00c7\u00f6z\u00fcmleme ve Ses Temelli \u0130lkokuma ve Yazma \u00d6\u011fretim Y\u00f6ntemlerinin G\u00f6z \u0130zleme Metrikleriyle Kar\u015f\u0131la\u015ft\u0131r\u0131lmas\u0131 . 7. Uluslararas\u0131 \u00d6\u011fretim Teknolojileri ve \u00d6\u011fretmen E\u011fitimi Sempozyumu, Antalya, Turkey           \n     \nYILDIZ, M., KUR\u015eUN, E., \u00d6ZDEM\u0130R C\u0130HAN, M., KARAMAN, S., &amp; YILAR, \u00d6., (2021). \u0130lk Okuma-Yazma \u00d6\u011fretim Y\u00f6ntemlerinin Okuma Anlama ve Davran\u0131\u015flar\u0131 A\u00e7\u0131s\u0131ndan Kar\u015f\u0131la\u015ft\u0131r\u0131lmas\u0131: Bir G\u00f6z \u0130zleme \u00c7al\u0131\u015fmas\u0131. 8. Internat\u0131onal Euras\u0131an Educat\u0131onal Research Congress, Aksaray, Turkey<\/code><\/pre>\n\n\n\n<div class=\"wp-block-group\"><div class=\"wp-block-group__inner-container is-layout-flow wp-block-group-is-layout-flow\">\n<p>Tezler<\/p>\n<\/div><\/div>\n\n\n\n<pre class=\"wp-block-code\"><code>AKAN, E. (2021). \u00c7\u00f6z\u00fcmleme Ve Ses Temelli \u0130lkokuma Ve Yazma \u00d6\u011fretim Y\u00f6ntemlerinin Prozodik Okuma Becerileri A\u00e7\u0131s\u0131ndan \u0130ncelenmesi &#91;Yay\u0131mlanmam\u0131\u015f Y\u00fcksek Lisans Tezi]. Atat\u00fcrk \u00dcniversitesi.<\/code><\/pre>\n","protected":false},"excerpt":{"rendered":"<p>Makaleler Bildiriler Tezler<\/p>\n","protected":false},"author":1,"featured_media":0,"parent":0,"menu_order":0,"comment_status":"closed","ping_status":"closed","template":"","meta":{"footnotes":""},"class_list":["post-44","page","type-page","status-publish","hentry"],"_links":{"self":[{"href":"https:\/\/ilkokuma.atauni.edu.tr\/index.php\/wp-json\/wp\/v2\/pages\/44","targetHints":{"allow":["GET"]}}],"collection":[{"href":"https:\/\/ilkokuma.atauni.edu.tr\/index.php\/wp-json\/wp\/v2\/pages"}],"about":[{"href":"https:\/\/ilkokuma.atauni.edu.tr\/index.php\/wp-json\/wp\/v2\/types\/page"}],"author":[{"embeddable":true,"href":"https:\/\/ilkokuma.atauni.edu.tr\/index.php\/wp-json\/wp\/v2\/users\/1"}],"replies":[{"embeddable":true,"href":"https:\/\/ilkokuma.atauni.edu.tr\/index.php\/wp-json\/wp\/v2\/comments?post=44"}],"version-history":[{"count":12,"href":"https:\/\/ilkokuma.atauni.edu.tr\/index.php\/wp-json\/wp\/v2\/pages\/44\/revisions"}],"predecessor-version":[{"id":4340,"href":"https:\/\/ilkokuma.atauni.edu.tr\/index.php\/wp-json\/wp\/v2\/pages\/44\/revisions\/4340"}],"wp:attachment":[{"href":"https:\/\/ilkokuma.atauni.edu.tr\/index.php\/wp-json\/wp\/v2\/media?parent=44"}],"curies":[{"name":"wp","href":"https:\/\/api.w.org\/{rel}","templated":true}]}}